{"id":61623,"date":"2017-04-06T07:38:05","date_gmt":"2017-04-06T05:38:05","guid":{"rendered":"https:\/\/www.agres.es\/el-ayuntamiento\/perfil-del-contractante\/"},"modified":"2021-03-11T09:50:35","modified_gmt":"2021-03-11T08:50:35","slug":"perfil-del-contractante","status":"publish","type":"page","link":"https:\/\/www.agres.es\/es\/el-ayuntamiento\/perfil-del-contractante\/","title":{"rendered":"Perfil del contractante"},"content":{"rendered":"[et_pb_section bb_built=\u00bb1&#8243; admin_label=\u00bbsection\u00bb][et_pb_row admin_label=\u00bbrow\u00bb][et_pb_column type=\u00bb3_4&#8243;][et_pb_text admin_label=\u00bbTexto\u00bb background_layout=\u00bblight\u00bb text_orientation=\u00bbleft\u00bb use_border_color=\u00bboff\u00bb border_color=\u00bb#ffffff\u00bb border_style=\u00bbsolid\u00bb]\n<p>PERFIL DEL CONTRATANTE.<br \/>\nInformaci\u00f3n de la contrataci\u00f3n administrativa en el Ayuntamiento.<\/p>\n<p>El Perfil de contratante es el sitio del portal web municipal en que se difunde la informaci\u00f3n relativa a la contrataci\u00f3n administrativa. Atendiendo al procedimiento de adjudicaci\u00f3n de los contratos del Sector P\u00fablico y, mediante este sitio web, el Ayuntamiento de Agres quiere asegurar la transparencia y el acceso p\u00fablico en la actividad contractual de una manera clara para el ciudadano. Desde esta p\u00e1gina el ciudadano puede consultar las contrataciones programadas, los anuncios de licitaci\u00f3n, los anuncios de adjudicaci\u00f3n, as\u00ed como acceder a los pliegos y otra documentaci\u00f3n complementaria de los expedientes de contrataci\u00f3n de todos los \u00f3rganos de contrataci\u00f3n del Ayuntamiento.<\/p>\n<p>\u00abPerfil de contractant.-<\/p>\n<p>1.- A fin de asegurar la transparencia y el acceso p\u00fablico a la informaci\u00f3n relativa a su actividad contractual, y sin perjuicio de la utilizaci\u00f3n de otros medios de publicidad en los casos exigidos por esta Ley o por las normas auton\u00f3micas de desarrollo o en los que as\u00ed se decida voluntariamente, los \u00f3rganos de contrataci\u00f3n difundir\u00e1n, a trav\u00e9s de internet, su perfil de contratante. La forma de acceso al perfil de contratante deber\u00e1 especificarse en las p\u00e1ginas web institucionales que mantengan los entes del sector p\u00fablico, en la Plataforma de Contrataci\u00f3n del Estado y en los pliegos y anuncios de licitaci\u00f3n.<\/p>\n<p>2.- El perfil de contratante podr\u00e1 incluir cualesquiera datos e informaciones referentes a la actividad contractual del \u00f3rgano de contrataci\u00f3n, tales como los anuncios de informaci\u00f3n previa contemplados en el Art. 125, las licitaciones abiertas o en curso y la documentaci\u00f3n relativa a las mismas, las contrataciones programadas, los contratos adjudicados, los procedimientos anulados, y cualquier otra informaci\u00f3n \u00fatil de tipo general, como puntos de contacto y medios de comunicaci\u00f3n que pueden utilizarse para relacionarse con el \u00f3rgano de contrataci\u00f3n. En todo caso deber\u00e1 publicarse en el perfil de contratante la adjudicaci\u00f3n provisional de los contratos.<\/p>\n<p>3.- El sistema inform\u00e1tico que soporte el perfil del contratante deber\u00e1 contar con un dispositivo que permita acreditar fehacientemente el momento de inicio de la difusi\u00f3n p\u00fablica de la informaci\u00f3n que se incluya.<\/p>\n<p>4.- La difusi\u00f3n a trav\u00e9s del perfil de contratante de la informaci\u00f3n relativa a los procedimientos de adjudicaci\u00f3n de contratos surtir\u00e1 los efectos previstos en el T\u00edtulo I del Libro III. \u00bb (Art. 42 LCSP)<\/p>\n<p>Conteninguts relacionados:<\/p>\n<p><strong>1. CONSULTORIO M\u00c9DICO AUXILIAR<\/strong><\/p>\n<p><a href=\"https:\/\/www.agres.es\/wp-content\/uploads\/2017\/04\/PLEC-CLAUSULES-ADMINISTRATIVES.pdf\">PLIEGO DE CL\u00c1USULAS ADMINISTRATIVAS<\/a> (Descarga)<br \/>\n<a href=\"https:\/\/www.agres.es\/wp-content\/uploads\/2017\/04\/ProyModfi2_Completo.pdf\">PROYECTO MODIFICADO 2 COMPLETO<\/a> (Descarga)<\/p>\n[\/et_pb_text][\/et_pb_column][et_pb_column type=\u00bb1_4&#8243;][et_pb_sidebar admin_label=\u00bbBarra lateral\u00bb orientation=\u00bbleft\u00bb area=\u00bbsidebar-1&#8243; background_layout=\u00bblight\u00bb remove_border=\u00bboff\u00bb \/][\/et_pb_column][\/et_pb_row][\/et_pb_section]\n","protected":false},"excerpt":{"rendered":"<p>PERFIL DEL CONTRATANTE. Informaci\u00f3n de la contrataci\u00f3n administrativa en el Ayuntamiento. El Perfil de contratante es el sitio del portal web municipal en que se difunde la informaci\u00f3n relativa a [&hellip;]<\/p>\n","protected":false},"author":1,"featured_media":0,"parent":61602,"menu_order":4,"comment_status":"closed","ping_status":"closed","template":"","meta":{"_et_pb_use_builder":"on","_et_pb_old_content":"","_et_gb_content_width":"","footnotes":""},"class_list":["post-61623","page","type-page","status-publish","hentry"],"yoast_head":"<!-- This site is optimized with the Yoast SEO plugin v26.9 - https:\/\/yoast.com\/product\/yoast-seo-wordpress\/ -->\n<title>Perfil del contractante - Agres<\/title>\n<meta name=\"robots\" content=\"index, follow, max-snippet:-1, max-image-preview:large, max-video-preview:-1\" \/>\n<link rel=\"canonical\" href=\"https:\/\/www.agres.es\/es\/el-ayuntamiento\/perfil-del-contractante\/\" \/>\n<meta property=\"og:locale\" content=\"es_ES\" \/>\n<meta property=\"og:type\" content=\"article\" \/>\n<meta property=\"og:title\" content=\"Perfil del contractante - Agres\" \/>\n<meta property=\"og:description\" content=\"PERFIL DEL CONTRATANTE. Informaci\u00f3n de la contrataci\u00f3n administrativa en el Ayuntamiento. El Perfil de contratante es el sitio del portal web municipal en que se difunde la informaci\u00f3n relativa a [&hellip;]\" \/>\n<meta property=\"og:url\" content=\"https:\/\/www.agres.es\/es\/el-ayuntamiento\/perfil-del-contractante\/\" \/>\n<meta property=\"og:site_name\" content=\"Agres\" \/>\n<meta property=\"article:modified_time\" content=\"2021-03-11T08:50:35+00:00\" \/>\n<meta name=\"twitter:card\" content=\"summary_large_image\" \/>\n<meta name=\"twitter:label1\" content=\"Tiempo de lectura\" \/>\n\t<meta name=\"twitter:data1\" content=\"3 minutos\" \/>\n<script type=\"application\/ld+json\" class=\"yoast-schema-graph\">{\"@context\":\"https:\/\/schema.org\",\"@graph\":[{\"@type\":\"WebPage\",\"@id\":\"https:\/\/www.agres.es\/es\/el-ayuntamiento\/perfil-del-contractante\/\",\"url\":\"https:\/\/www.agres.es\/es\/el-ayuntamiento\/perfil-del-contractante\/\",\"name\":\"Perfil del contractante - Agres\",\"isPartOf\":{\"@id\":\"https:\/\/www.agres.es\/es\/#website\"},\"datePublished\":\"2017-04-06T05:38:05+00:00\",\"dateModified\":\"2021-03-11T08:50:35+00:00\",\"breadcrumb\":{\"@id\":\"https:\/\/www.agres.es\/es\/el-ayuntamiento\/perfil-del-contractante\/#breadcrumb\"},\"inLanguage\":\"es\",\"potentialAction\":[{\"@type\":\"ReadAction\",\"target\":[\"https:\/\/www.agres.es\/es\/el-ayuntamiento\/perfil-del-contractante\/\"]}]},{\"@type\":\"BreadcrumbList\",\"@id\":\"https:\/\/www.agres.es\/es\/el-ayuntamiento\/perfil-del-contractante\/#breadcrumb\",\"itemListElement\":[{\"@type\":\"ListItem\",\"position\":1,\"name\":\"Inicio\",\"item\":\"https:\/\/www.agres.es\/es\/\"},{\"@type\":\"ListItem\",\"position\":2,\"name\":\"El Ayuntamiento\",\"item\":\"https:\/\/www.agres.es\/es\/el-ayuntamiento\/\"},{\"@type\":\"ListItem\",\"position\":3,\"name\":\"Perfil del contractante\"}]},{\"@type\":\"WebSite\",\"@id\":\"https:\/\/www.agres.es\/es\/#website\",\"url\":\"https:\/\/www.agres.es\/es\/\",\"name\":\"Agres\",\"description\":\"Ayuntamiento de la Vila de Agres\",\"potentialAction\":[{\"@type\":\"SearchAction\",\"target\":{\"@type\":\"EntryPoint\",\"urlTemplate\":\"https:\/\/www.agres.es\/es\/?s={search_term_string}\"},\"query-input\":{\"@type\":\"PropertyValueSpecification\",\"valueRequired\":true,\"valueName\":\"search_term_string\"}}],\"inLanguage\":\"es\"}]}<\/script>\n<!-- \/ Yoast SEO plugin. -->","yoast_head_json":{"title":"Perfil del contractante - Agres","robots":{"index":"index","follow":"follow","max-snippet":"max-snippet:-1","max-image-preview":"max-image-preview:large","max-video-preview":"max-video-preview:-1"},"canonical":"https:\/\/www.agres.es\/es\/el-ayuntamiento\/perfil-del-contractante\/","og_locale":"es_ES","og_type":"article","og_title":"Perfil del contractante - Agres","og_description":"PERFIL DEL CONTRATANTE. Informaci\u00f3n de la contrataci\u00f3n administrativa en el Ayuntamiento. El Perfil de contratante es el sitio del portal web municipal en que se difunde la informaci\u00f3n relativa a [&hellip;]","og_url":"https:\/\/www.agres.es\/es\/el-ayuntamiento\/perfil-del-contractante\/","og_site_name":"Agres","article_modified_time":"2021-03-11T08:50:35+00:00","twitter_card":"summary_large_image","twitter_misc":{"Tiempo de lectura":"3 minutos"},"schema":{"@context":"https:\/\/schema.org","@graph":[{"@type":"WebPage","@id":"https:\/\/www.agres.es\/es\/el-ayuntamiento\/perfil-del-contractante\/","url":"https:\/\/www.agres.es\/es\/el-ayuntamiento\/perfil-del-contractante\/","name":"Perfil del contractante - Agres","isPartOf":{"@id":"https:\/\/www.agres.es\/es\/#website"},"datePublished":"2017-04-06T05:38:05+00:00","dateModified":"2021-03-11T08:50:35+00:00","breadcrumb":{"@id":"https:\/\/www.agres.es\/es\/el-ayuntamiento\/perfil-del-contractante\/#breadcrumb"},"inLanguage":"es","potentialAction":[{"@type":"ReadAction","target":["https:\/\/www.agres.es\/es\/el-ayuntamiento\/perfil-del-contractante\/"]}]},{"@type":"BreadcrumbList","@id":"https:\/\/www.agres.es\/es\/el-ayuntamiento\/perfil-del-contractante\/#breadcrumb","itemListElement":[{"@type":"ListItem","position":1,"name":"Inicio","item":"https:\/\/www.agres.es\/es\/"},{"@type":"ListItem","position":2,"name":"El Ayuntamiento","item":"https:\/\/www.agres.es\/es\/el-ayuntamiento\/"},{"@type":"ListItem","position":3,"name":"Perfil del contractante"}]},{"@type":"WebSite","@id":"https:\/\/www.agres.es\/es\/#website","url":"https:\/\/www.agres.es\/es\/","name":"Agres","description":"Ayuntamiento de la Vila de Agres","potentialAction":[{"@type":"SearchAction","target":{"@type":"EntryPoint","urlTemplate":"https:\/\/www.agres.es\/es\/?s={search_term_string}"},"query-input":{"@type":"PropertyValueSpecification","valueRequired":true,"valueName":"search_term_string"}}],"inLanguage":"es"}]}},"_links":{"self":[{"href":"https:\/\/www.agres.es\/es\/wp-json\/wp\/v2\/pages\/61623","targetHints":{"allow":["GET"]}}],"collection":[{"href":"https:\/\/www.agres.es\/es\/wp-json\/wp\/v2\/pages"}],"about":[{"href":"https:\/\/www.agres.es\/es\/wp-json\/wp\/v2\/types\/page"}],"author":[{"embeddable":true,"href":"https:\/\/www.agres.es\/es\/wp-json\/wp\/v2\/users\/1"}],"replies":[{"embeddable":true,"href":"https:\/\/www.agres.es\/es\/wp-json\/wp\/v2\/comments?post=61623"}],"version-history":[{"count":0,"href":"https:\/\/www.agres.es\/es\/wp-json\/wp\/v2\/pages\/61623\/revisions"}],"up":[{"embeddable":true,"href":"https:\/\/www.agres.es\/es\/wp-json\/wp\/v2\/pages\/61602"}],"wp:attachment":[{"href":"https:\/\/www.agres.es\/es\/wp-json\/wp\/v2\/media?parent=61623"}],"curies":[{"name":"wp","href":"https:\/\/api.w.org\/{rel}","templated":true}]}}