{"id":61658,"date":"2017-04-07T11:28:11","date_gmt":"2017-04-07T09:28:11","guid":{"rendered":"https:\/\/www.agres.es\/servicios\/raco-jove-2-0\/"},"modified":"2022-04-07T12:58:25","modified_gmt":"2022-04-07T10:58:25","slug":"raco-jove-2-0","status":"publish","type":"page","link":"https:\/\/www.agres.es\/es\/servicios\/raco-jove-2-0\/","title":{"rendered":"Casal Jove"},"content":{"rendered":"[et_pb_section fb_built=\u00bb1&#8243; admin_label=\u00bbsection\u00bb _builder_version=\u00bb3.22&#8243;][et_pb_row admin_label=\u00bbrow\u00bb _builder_version=\u00bb3.25&#8243; background_size=\u00bbinitial\u00bb background_position=\u00bbtop_left\u00bb background_repeat=\u00bbrepeat\u00bb][et_pb_column type=\u00bb4_4&#8243; _builder_version=\u00bb3.25&#8243; custom_padding=\u00bb|||\u00bb custom_padding__hover=\u00bb|||\u00bb][et_pb_text admin_label=\u00bbTexto\u00bb _builder_version=\u00bb4.9.0&#8243; background_size=\u00bbinitial\u00bb background_position=\u00bbtop_left\u00bb background_repeat=\u00bbrepeat\u00bb hover_enabled=\u00bb0&#8243; use_border_color=\u00bboff\u00bb border_color=\u00bb#ffffff\u00bb border_style=\u00bbsolid\u00bb sticky_enabled=\u00bb0&#8243;]\n<h2 class=\"ecxMsoNormal\"><span lang=\"CA\"><strong>TRABAJO:<\/strong><\/span><\/h2>\n<p class=\"ecxMsoNormal\"><u><span lang=\"CA\"><br \/>\n<\/span><\/u>-&gt; En <a href=\"https:\/\/www.gva.es\/portal\/page\/portal\/inicio\/atencion_ciudadano\/suscripciones\/ac_sus_suscripciones_generales\" target=\"_blank\" rel=\"noopener noreferrer\">este enlace<\/a> encontrar\u00e1 la suscripci\u00f3n para recibir ofertas de empleo p\u00fablico, que est\u00e1n lejos pero que quiz\u00e1s le pueden interesar<\/p>\n<p class=\"ecxMsoNormal\">-&gt; <a href=\"https:\/\/www.creatuempresa.org\/es-ES\/Paginas\/CEHome.aspx\"><strong>Creatuempresa.org<\/strong><\/a><\/p>\n<p class=\"ecxMsoNormal\">\u00a0<\/p>\n<h2 class=\"ecxMsoNormal\"><strong><span lang=\"CA\">FORMACI\u00d3N:<\/span><\/strong><\/h2>\n<p class=\"ecxMsoNormal\">\u00a0<\/p>\n<p class=\"ecxMsoNormal\">-&gt; <strong><a href=\"https:\/\/www.ceice.gva.es\/web\/jqcv\">Matriculaci\u00f3n ex\u00e0mens de la Junta Qualificadora de Valenci\u00e0<\/a><\/strong><\/p>\n<p class=\"ecxMsoNormal\"><span lang=\"CA\">-&gt; LA <a href=\"https:\/\/portal.uned.es\/portal\/page?_pageid=93%2c1&amp;_dad=portal&amp;_schema=PORTAL\" target=\"_blank\" rel=\"noopener noreferrer\">UNED<\/a> (universidad a distancia)\u00a0 <a href=\"https:\/\/portal.uned.es\/portal\/page?_pageid=93%2c19108320&amp;_dad=portal&amp;_schema=PORTAL\" target=\"_blank\" rel=\"noopener noreferrer\">MATRICULACI\u00d3N OBERTA<\/a><\/span><\/p>\n<p class=\"ecxMsoNormal\"><span lang=\"CA\">-&gt; <strong><a href=\"https:\/\/www.coepa.es\/servicios\/formacion\/cursos\/\" target=\"_blank\" rel=\"noopener\">Cursos GRATUITOS de la COEPA (Angl\u00e9s, Valenci\u00e0, Alemany, Comptabilitat, Disseny, RRHH, Inform\u00e0tica, ADE, Cinema\u2026)<\/a><\/strong><\/span><\/p>\n<p class=\"ecxMsoNormal\">\u00a0<\/p>\n<h2 class=\"ecxMsoNormal\"><span lang=\"CA\">\u00a0<\/span><span lang=\"CA\">\u00a0<\/span><strong><span lang=\"CA\">OCIO:<\/span><\/strong><\/h2>\n<p class=\"ecxMsoNormal\"><span lang=\"CA\">-&gt; <a href=\"https:\/\/www.gvajove.es\/ivaj\/opencms\/IVAJ\/es\/carnetjove\/llista_carnet\" target=\"_blank\" rel=\"noopener noreferrer\">Novedades del Carnet Jove en tu e-mail<\/a><\/span><span lang=\"CA\">\u00a0<\/span><\/p>\n<p class=\"ecxMsoNormal\"><span lang=\"CA\">-&gt; <a href=\"https:\/\/www.ivaj.es\/ivaj\/opencms\/IVAJ\/va\/informacion\/agenda.html\" target=\"_blank\" rel=\"noopener noreferrer\">AGENDA IVAJ<\/a><\/span><span lang=\"CA\">\u00a0<\/span><span lang=\"CA\">\u00a0<\/span><\/p>\n<p class=\"ecxMsoNormal\">\u00a0<\/p>\n<h2 class=\"ecxMsoNormal\"><strong><span lang=\"CA\">VARIOS:<\/span><\/strong><\/h2>\n<p class=\"ecxMsoNormal\"><span lang=\"CA\">\u00a0<\/span>-&gt; <a href=\"https:\/\/ec.europa.eu\/education\/pub\/pdf\/general\/what_es.pdf\" target=\"_blank\" rel=\"noopener noreferrer\">INTERESANTE DOCUMENTO<\/a> sobre oportunidades en educaci\u00f3n, cultura y juventud en la Uni\u00f3n Europea !!<\/p>\n<p class=\"ecxMsoNormal\"><span lang=\"CA\">\u00a0<\/span><span lang=\"CA\">-&gt; Centro INJUVE de Salud Sexual con respuesta inmediata al instante de cualquier duda. <a href=\"https:\/\/www.sexualidadinjuve.es\/\" target=\"_blank\" rel=\"noopener noreferrer\">Centre injuve de salud sexual<\/a>.<\/span><\/p>\n<p class=\"ecxMsoNormal\"><span lang=\"CA\">\u00a0<\/span><span lang=\"CA\">-&gt;Webs de gran inter\u00e9s para enteraros de cosas muy interesantes sobre j\u00f3venes:<\/span><\/p>\n<p class=\"ecxMsoNormal\"><span lang=\"CA\"><a href=\"https:\/\/www.ivaj.es\/ivaj\/opencms\/IVAJ\/va\/index.html\" target=\"_blank\" rel=\"noopener noreferrer\">IVAJ<\/a><\/span><\/p>\n<p class=\"ecxMsoNormal\"><span lang=\"CA\"><a href=\"https:\/\/www.injuve.es\/portal.portal.action\" target=\"_blank\" rel=\"noopener noreferrer\">INJUVE<\/a><\/span><\/p>\n<p class=\"ecxMsoNormal\"><span lang=\"CA\"><a href=\"https:\/\/ec.europa.eu\/spain\/jovenes\/index_es.htm\" target=\"_blank\" rel=\"noopener noreferrer\">JOVES UNI\u00d3 EUROPEA<\/a><\/span><\/p>\n<p class=\"ecxMsoNormal\"><span lang=\"CA\"><a href=\"https:\/\/www.joves.net\/\" target=\"_blank\" rel=\"noopener noreferrer\">Joves.net<\/a><\/span><\/p>\n<p class=\"ecxMsoNormal\"><span lang=\"CA\"><a href=\"https:\/\/www.voluntarizate.org\/\" target=\"_blank\" rel=\"noopener noreferrer\">Voluntarizate<\/a><\/span><\/p>\n<p class=\"ecxMsoNormal\"><span lang=\"CA\"><a href=\"https:\/\/www.adolesweb.org\/\" target=\"_blank\" rel=\"noopener noreferrer\">Adolesweb<\/a><\/span><\/p>\n<p class=\"ecxMsoNormal\"><span lang=\"CA\"><a href=\"https:\/\/www.gvajove.es\/ivaj\/opencms\/IVAJ\/va\/vivienda\/ayuda_vivienda.html\" target=\"_blank\" rel=\"noopener noreferrer\">Enlace interesante sobre acceso a la vivienda<\/a><\/span><\/p>\n[\/et_pb_text][\/et_pb_column][\/et_pb_row][\/et_pb_section]\n","protected":false},"excerpt":{"rendered":"<p>TRABAJO: -&gt; En este enlace encontrar\u00e1 la suscripci\u00f3n para recibir ofertas de empleo p\u00fablico, que est\u00e1n lejos pero que quiz\u00e1s le pueden interesar -&gt; Creatuempresa.org \u00a0 FORMACI\u00d3N: \u00a0 -&gt; Matriculaci\u00f3n [&hellip;]<\/p>\n","protected":false},"author":1,"featured_media":0,"parent":61629,"menu_order":0,"comment_status":"closed","ping_status":"closed","template":"","meta":{"_et_pb_use_builder":"on","_et_pb_old_content":"","_et_gb_content_width":"","footnotes":""},"class_list":["post-61658","page","type-page","status-publish","hentry"],"yoast_head":"<!-- This site is optimized with the Yoast SEO plugin v26.9 - https:\/\/yoast.com\/product\/yoast-seo-wordpress\/ -->\n<title>Casal Jove - Agres<\/title>\n<meta name=\"robots\" content=\"index, follow, max-snippet:-1, max-image-preview:large, max-video-preview:-1\" \/>\n<link rel=\"canonical\" href=\"https:\/\/www.agres.es\/es\/servicios\/raco-jove-2-0\/\" \/>\n<meta property=\"og:locale\" content=\"es_ES\" \/>\n<meta property=\"og:type\" content=\"article\" \/>\n<meta property=\"og:title\" content=\"Casal Jove - Agres\" \/>\n<meta property=\"og:description\" content=\"TRABAJO: -&gt; En este enlace encontrar\u00e1 la suscripci\u00f3n para recibir ofertas de empleo p\u00fablico, que est\u00e1n lejos pero que quiz\u00e1s le pueden interesar -&gt; Creatuempresa.org \u00a0 FORMACI\u00d3N: \u00a0 -&gt; Matriculaci\u00f3n [&hellip;]\" \/>\n<meta property=\"og:url\" content=\"https:\/\/www.agres.es\/es\/servicios\/raco-jove-2-0\/\" \/>\n<meta property=\"og:site_name\" content=\"Agres\" \/>\n<meta property=\"article:modified_time\" content=\"2022-04-07T10:58:25+00:00\" \/>\n<meta name=\"twitter:card\" content=\"summary_large_image\" \/>\n<meta name=\"twitter:label1\" content=\"Tiempo de lectura\" \/>\n\t<meta name=\"twitter:data1\" content=\"1 minuto\" \/>\n<script type=\"application\/ld+json\" class=\"yoast-schema-graph\">{\"@context\":\"https:\/\/schema.org\",\"@graph\":[{\"@type\":\"WebPage\",\"@id\":\"https:\/\/www.agres.es\/es\/servicios\/raco-jove-2-0\/\",\"url\":\"https:\/\/www.agres.es\/es\/servicios\/raco-jove-2-0\/\",\"name\":\"Casal Jove - Agres\",\"isPartOf\":{\"@id\":\"https:\/\/www.agres.es\/es\/#website\"},\"datePublished\":\"2017-04-07T09:28:11+00:00\",\"dateModified\":\"2022-04-07T10:58:25+00:00\",\"breadcrumb\":{\"@id\":\"https:\/\/www.agres.es\/es\/servicios\/raco-jove-2-0\/#breadcrumb\"},\"inLanguage\":\"es\",\"potentialAction\":[{\"@type\":\"ReadAction\",\"target\":[\"https:\/\/www.agres.es\/es\/servicios\/raco-jove-2-0\/\"]}]},{\"@type\":\"BreadcrumbList\",\"@id\":\"https:\/\/www.agres.es\/es\/servicios\/raco-jove-2-0\/#breadcrumb\",\"itemListElement\":[{\"@type\":\"ListItem\",\"position\":1,\"name\":\"Inicio\",\"item\":\"https:\/\/www.agres.es\/es\/\"},{\"@type\":\"ListItem\",\"position\":2,\"name\":\"Servicios\",\"item\":\"https:\/\/www.agres.es\/es\/servicios\/\"},{\"@type\":\"ListItem\",\"position\":3,\"name\":\"Casal Jove\"}]},{\"@type\":\"WebSite\",\"@id\":\"https:\/\/www.agres.es\/es\/#website\",\"url\":\"https:\/\/www.agres.es\/es\/\",\"name\":\"Agres\",\"description\":\"Ayuntamiento de la Vila de Agres\",\"potentialAction\":[{\"@type\":\"SearchAction\",\"target\":{\"@type\":\"EntryPoint\",\"urlTemplate\":\"https:\/\/www.agres.es\/es\/?s={search_term_string}\"},\"query-input\":{\"@type\":\"PropertyValueSpecification\",\"valueRequired\":true,\"valueName\":\"search_term_string\"}}],\"inLanguage\":\"es\"}]}<\/script>\n<!-- \/ Yoast SEO plugin. -->","yoast_head_json":{"title":"Casal Jove - Agres","robots":{"index":"index","follow":"follow","max-snippet":"max-snippet:-1","max-image-preview":"max-image-preview:large","max-video-preview":"max-video-preview:-1"},"canonical":"https:\/\/www.agres.es\/es\/servicios\/raco-jove-2-0\/","og_locale":"es_ES","og_type":"article","og_title":"Casal Jove - Agres","og_description":"TRABAJO: -&gt; En este enlace encontrar\u00e1 la suscripci\u00f3n para recibir ofertas de empleo p\u00fablico, que est\u00e1n lejos pero que quiz\u00e1s le pueden interesar -&gt; Creatuempresa.org \u00a0 FORMACI\u00d3N: \u00a0 -&gt; Matriculaci\u00f3n [&hellip;]","og_url":"https:\/\/www.agres.es\/es\/servicios\/raco-jove-2-0\/","og_site_name":"Agres","article_modified_time":"2022-04-07T10:58:25+00:00","twitter_card":"summary_large_image","twitter_misc":{"Tiempo de lectura":"1 minuto"},"schema":{"@context":"https:\/\/schema.org","@graph":[{"@type":"WebPage","@id":"https:\/\/www.agres.es\/es\/servicios\/raco-jove-2-0\/","url":"https:\/\/www.agres.es\/es\/servicios\/raco-jove-2-0\/","name":"Casal Jove - Agres","isPartOf":{"@id":"https:\/\/www.agres.es\/es\/#website"},"datePublished":"2017-04-07T09:28:11+00:00","dateModified":"2022-04-07T10:58:25+00:00","breadcrumb":{"@id":"https:\/\/www.agres.es\/es\/servicios\/raco-jove-2-0\/#breadcrumb"},"inLanguage":"es","potentialAction":[{"@type":"ReadAction","target":["https:\/\/www.agres.es\/es\/servicios\/raco-jove-2-0\/"]}]},{"@type":"BreadcrumbList","@id":"https:\/\/www.agres.es\/es\/servicios\/raco-jove-2-0\/#breadcrumb","itemListElement":[{"@type":"ListItem","position":1,"name":"Inicio","item":"https:\/\/www.agres.es\/es\/"},{"@type":"ListItem","position":2,"name":"Servicios","item":"https:\/\/www.agres.es\/es\/servicios\/"},{"@type":"ListItem","position":3,"name":"Casal Jove"}]},{"@type":"WebSite","@id":"https:\/\/www.agres.es\/es\/#website","url":"https:\/\/www.agres.es\/es\/","name":"Agres","description":"Ayuntamiento de la Vila de Agres","potentialAction":[{"@type":"SearchAction","target":{"@type":"EntryPoint","urlTemplate":"https:\/\/www.agres.es\/es\/?s={search_term_string}"},"query-input":{"@type":"PropertyValueSpecification","valueRequired":true,"valueName":"search_term_string"}}],"inLanguage":"es"}]}},"_links":{"self":[{"href":"https:\/\/www.agres.es\/es\/wp-json\/wp\/v2\/pages\/61658","targetHints":{"allow":["GET"]}}],"collection":[{"href":"https:\/\/www.agres.es\/es\/wp-json\/wp\/v2\/pages"}],"about":[{"href":"https:\/\/www.agres.es\/es\/wp-json\/wp\/v2\/types\/page"}],"author":[{"embeddable":true,"href":"https:\/\/www.agres.es\/es\/wp-json\/wp\/v2\/users\/1"}],"replies":[{"embeddable":true,"href":"https:\/\/www.agres.es\/es\/wp-json\/wp\/v2\/comments?post=61658"}],"version-history":[{"count":0,"href":"https:\/\/www.agres.es\/es\/wp-json\/wp\/v2\/pages\/61658\/revisions"}],"up":[{"embeddable":true,"href":"https:\/\/www.agres.es\/es\/wp-json\/wp\/v2\/pages\/61629"}],"wp:attachment":[{"href":"https:\/\/www.agres.es\/es\/wp-json\/wp\/v2\/media?parent=61658"}],"curies":[{"name":"wp","href":"https:\/\/api.w.org\/{rel}","templated":true}]}}